{"id":613,"date":"2022-05-08T23:17:57","date_gmt":"2022-05-08T20:17:57","guid":{"rendered":"https:\/\/avrasyainsaat.net\/?page_id=613"},"modified":"2022-05-08T23:17:57","modified_gmt":"2022-05-08T20:17:57","slug":"insaat-hizmetleri","status":"publish","type":"page","link":"https:\/\/avrasyainsaat.net\/ar\/insaat-hizmetleri\/","title":{"rendered":"\u062e\u062f\u0645\u0627\u062a \u0627\u0644\u0628\u0646\u0627\u0621 \u0648\u0627\u0644\u062a\u0634\u064a\u064a\u062f"},"content":{"rendered":"<div data-elementor-type=\"wp-page\" data-elementor-id=\"613\" class=\"elementor elementor-613\" data-elementor-post-type=\"page\">\n\t\t\t\t\t\t<section class=\"elementor-section elementor-top-section elementor-element elementor-element-f51ac08 elementor-section-height-min-height elementor-section-stretched elementor-section-boxed elementor-section-height-default elementor-section-items-middle\" data-id=\"f51ac08\" data-element_type=\"section\" data-e-type=\"section\" data-settings=\"{&quot;stretch_section&quot;:&quot;section-stretched&quot;,&quot;background_background&quot;:&quot;classic&quot;}\">\n\t\t\t\t\t\t\t<div class=\"elementor-background-overlay\"><\/div>\n\t\t\t\t\t\t\t<div class=\"elementor-container elementor-column-gap-no\">\n\t\t\t\t\t<div class=\"elementor-column elementor-col-100 elementor-top-column elementor-element elementor-element-d9bb68e\" data-id=\"d9bb68e\" data-element_type=\"column\" data-e-type=\"column\">\n\t\t\t<div class=\"elementor-widget-wrap elementor-element-populated\">\n\t\t\t\t\t\t<section class=\"elementor-section elementor-inner-section elementor-element elementor-element-8166751 elementor-section-boxed elementor-section-height-default elementor-section-height-default\" data-id=\"8166751\" data-element_type=\"section\" data-e-type=\"section\">\n\t\t\t\t\t\t<div class=\"elementor-container elementor-column-gap-default\">\n\t\t\t\t\t<div class=\"elementor-column elementor-col-100 elementor-inner-column elementor-element elementor-element-5427f1c\" data-id=\"5427f1c\" data-element_type=\"column\" data-e-type=\"column\">\n\t\t\t<div class=\"elementor-widget-wrap elementor-element-populated\">\n\t\t\t\t\t\t\t<\/div>\n\t\t<\/div>\n\t\t\t\t\t<\/div>\n\t\t<\/section>\n\t\t\t\t\t<\/div>\n\t\t<\/div>\n\t\t\t\t\t<\/div>\n\t\t<\/section>\n\t\t\t\t<section class=\"elementor-section elementor-top-section elementor-element elementor-element-b5476e5 elementor-reverse-mobile elementor-section-boxed elementor-section-height-default elementor-section-height-default\" data-id=\"b5476e5\" data-element_type=\"section\" data-e-type=\"section\">\n\t\t\t\t\t\t<div class=\"elementor-container elementor-column-gap-no\">\n\t\t\t\t\t<div class=\"elementor-column elementor-col-50 elementor-top-column elementor-element elementor-element-96bedcf\" data-id=\"96bedcf\" data-element_type=\"column\" data-e-type=\"column\">\n\t\t\t<div class=\"elementor-widget-wrap elementor-element-populated\">\n\t\t\t\t\t\t<section class=\"elementor-section elementor-inner-section elementor-element elementor-element-835dc24 elementor-section-boxed elementor-section-height-default elementor-section-height-default\" data-id=\"835dc24\" data-element_type=\"section\" data-e-type=\"section\">\n\t\t\t\t\t\t<div class=\"elementor-container elementor-column-gap-default\">\n\t\t\t\t\t<div class=\"elementor-column elementor-col-100 elementor-inner-column elementor-element elementor-element-69940b4\" data-id=\"69940b4\" data-element_type=\"column\" data-e-type=\"column\" data-settings=\"{&quot;background_background&quot;:&quot;classic&quot;}\">\n\t\t\t<div class=\"elementor-widget-wrap elementor-element-populated\">\n\t\t\t\t\t\t<div class=\"elementor-element elementor-element-a075faa elementor-widget elementor-widget-elementskit-heading\" data-id=\"a075faa\" data-element_type=\"widget\" data-e-type=\"widget\" data-widget_type=\"elementskit-heading.default\">\n\t\t\t\t\t<div class=\"ekit-wid-con\" ><div class=\"ekit-heading elementskit-section-title-wraper text_center   ekit_heading_tablet-   ekit_heading_mobile-\"><h2 class=\"ekit-heading--title elementskit-section-title\">\u062e\u062f\u0645\u0627\u062a\u0646\u0627 <strong><\/strong><\/h2><div class=\"ekit_heading_separetor_wraper ekit_heading_elementskit-border-divider ekit-dotted\"><div class=\"elementskit-border-divider ekit-dotted\"><\/div><\/div><\/div><\/div>\t\t\t\t<\/div>\n\t\t\t\t<div class=\"elementor-element elementor-element-156a62e elementor-nav-menu--dropdown-none elementor-widget elementor-widget-nav-menu\" data-id=\"156a62e\" data-element_type=\"widget\" data-e-type=\"widget\" data-settings=\"{&quot;layout&quot;:&quot;vertical&quot;,&quot;submenu_icon&quot;:{&quot;value&quot;:&quot;&lt;i aria-hidden=\\&quot;true\\&quot; class=\\&quot;\\&quot;&gt;&lt;\\\/i&gt;&quot;,&quot;library&quot;:&quot;&quot;}}\" data-widget_type=\"nav-menu.default\">\n\t\t\t\t\t\t\t\t<nav aria-label=\"\u0642\u0627\u0626\u0645\u0629 \u0627\u0644\u0637\u0639\u0627\u0645\" class=\"elementor-nav-menu--main elementor-nav-menu__container elementor-nav-menu--layout-vertical e--pointer-background e--animation-fade\">\n\t\t\t\t<ul id=\"menu-1-156a62e\" class=\"elementor-nav-menu sm-vertical\"><li class=\"menu-item menu-item-type-post_type menu-item-object-page menu-item-4845\"><a href=\"https:\/\/avrasyainsaat.net\/ar\/celik-konstruksiyon\/\" class=\"elementor-item\">\u0627\u0644\u0625\u0646\u0634\u0627\u0621\u0627\u062a \u0627\u0644\u0641\u0648\u0644\u0627\u0630\u064a\u0629<\/a><\/li>\n<li class=\"menu-item menu-item-type-post_type menu-item-object-page menu-item-4840\"><a href=\"https:\/\/avrasyainsaat.net\/ar\/prefabrik-ev\/\" class=\"elementor-item\">\u0627\u0644\u0628\u064a\u062a \u0627\u0644\u062c\u0627\u0647\u0632<\/a><\/li>\n<li class=\"menu-item menu-item-type-post_type menu-item-object-page menu-item-4849\"><a href=\"https:\/\/avrasyainsaat.net\/ar\/konteyner-ev-modelleri\/\" class=\"elementor-item\">\u0646\u0645\u0627\u0630\u062c \u0628\u064a\u062a \u0627\u0644\u062d\u0627\u0648\u064a\u0627\u062a<\/a><\/li>\n<li class=\"menu-item menu-item-type-post_type menu-item-object-page menu-item-4848\"><a href=\"https:\/\/avrasyainsaat.net\/ar\/orgu-cit-modelleri\/\" class=\"elementor-item\">\u0646\u0645\u0627\u0630\u062c \u0633\u064a\u0627\u062c \u0645\u062d\u0628\u0648\u0643\u0629<\/a><\/li>\n<li class=\"menu-item menu-item-type-post_type menu-item-object-page menu-item-4831\"><a href=\"https:\/\/avrasyainsaat.net\/ar\/insaat-hizmetleri\/\" class=\"elementor-item\">\u062e\u062f\u0645\u0627\u062a \u0627\u0644\u0628\u0646\u0627\u0621 \u0648\u0627\u0644\u062a\u0634\u064a\u064a\u062f<\/a><\/li>\n<li class=\"menu-item menu-item-type-post_type menu-item-object-page menu-item-4832\"><a href=\"https:\/\/avrasyainsaat.net\/ar\/muhendislik-hizmetleri\/\" class=\"elementor-item\">\u0627\u0644\u062e\u062f\u0645\u0627\u062a \u0627\u0644\u0647\u0646\u062f\u0633\u064a\u0629<\/a><\/li>\n<li class=\"menu-item menu-item-type-post_type menu-item-object-page menu-item-4833\"><a href=\"https:\/\/avrasyainsaat.net\/ar\/proje-hizmetleri\/\" class=\"elementor-item\">\u062e\u062f\u0645\u0627\u062a \u0627\u0644\u0645\u0634\u0627\u0631\u064a\u0639<\/a><\/li>\n<li class=\"menu-item menu-item-type-post_type menu-item-object-page menu-item-4839\"><a href=\"https:\/\/avrasyainsaat.net\/ar\/dekorasyon-hizmetleri\/\" class=\"elementor-item\">\u062e\u062f\u0645\u0627\u062a \u0627\u0644\u062f\u064a\u0643\u0648\u0631<\/a><\/li>\n<li class=\"menu-item menu-item-type-post_type menu-item-object-page menu-item-4841\"><a href=\"https:\/\/avrasyainsaat.net\/ar\/bina-guclendirme\/\" class=\"elementor-item\">\u062a\u0639\u0632\u064a\u0632 \u0627\u0644\u0645\u0628\u0627\u0646\u064a<\/a><\/li>\n<\/ul>\t\t\t<\/nav>\n\t\t\t\t\t\t<nav class=\"elementor-nav-menu--dropdown elementor-nav-menu__container\" aria-hidden=\"true\">\n\t\t\t\t<ul id=\"menu-2-156a62e\" class=\"elementor-nav-menu sm-vertical\"><li class=\"menu-item menu-item-type-post_type menu-item-object-page menu-item-4845\"><a href=\"https:\/\/avrasyainsaat.net\/ar\/celik-konstruksiyon\/\" class=\"elementor-item\" tabindex=\"-1\">\u0627\u0644\u0625\u0646\u0634\u0627\u0621\u0627\u062a \u0627\u0644\u0641\u0648\u0644\u0627\u0630\u064a\u0629<\/a><\/li>\n<li class=\"menu-item menu-item-type-post_type menu-item-object-page menu-item-4840\"><a href=\"https:\/\/avrasyainsaat.net\/ar\/prefabrik-ev\/\" class=\"elementor-item\" tabindex=\"-1\">\u0627\u0644\u0628\u064a\u062a \u0627\u0644\u062c\u0627\u0647\u0632<\/a><\/li>\n<li class=\"menu-item menu-item-type-post_type menu-item-object-page menu-item-4849\"><a href=\"https:\/\/avrasyainsaat.net\/ar\/konteyner-ev-modelleri\/\" class=\"elementor-item\" tabindex=\"-1\">\u0646\u0645\u0627\u0630\u062c \u0628\u064a\u062a \u0627\u0644\u062d\u0627\u0648\u064a\u0627\u062a<\/a><\/li>\n<li class=\"menu-item menu-item-type-post_type menu-item-object-page menu-item-4848\"><a href=\"https:\/\/avrasyainsaat.net\/ar\/orgu-cit-modelleri\/\" class=\"elementor-item\" tabindex=\"-1\">\u0646\u0645\u0627\u0630\u062c \u0633\u064a\u0627\u062c \u0645\u062d\u0628\u0648\u0643\u0629<\/a><\/li>\n<li class=\"menu-item menu-item-type-post_type menu-item-object-page menu-item-4831\"><a href=\"https:\/\/avrasyainsaat.net\/ar\/insaat-hizmetleri\/\" class=\"elementor-item\" tabindex=\"-1\">\u062e\u062f\u0645\u0627\u062a \u0627\u0644\u0628\u0646\u0627\u0621 \u0648\u0627\u0644\u062a\u0634\u064a\u064a\u062f<\/a><\/li>\n<li class=\"menu-item menu-item-type-post_type menu-item-object-page menu-item-4832\"><a href=\"https:\/\/avrasyainsaat.net\/ar\/muhendislik-hizmetleri\/\" class=\"elementor-item\" tabindex=\"-1\">\u0627\u0644\u062e\u062f\u0645\u0627\u062a \u0627\u0644\u0647\u0646\u062f\u0633\u064a\u0629<\/a><\/li>\n<li class=\"menu-item menu-item-type-post_type menu-item-object-page menu-item-4833\"><a href=\"https:\/\/avrasyainsaat.net\/ar\/proje-hizmetleri\/\" class=\"elementor-item\" tabindex=\"-1\">\u062e\u062f\u0645\u0627\u062a \u0627\u0644\u0645\u0634\u0627\u0631\u064a\u0639<\/a><\/li>\n<li class=\"menu-item menu-item-type-post_type menu-item-object-page menu-item-4839\"><a href=\"https:\/\/avrasyainsaat.net\/ar\/dekorasyon-hizmetleri\/\" class=\"elementor-item\" tabindex=\"-1\">\u062e\u062f\u0645\u0627\u062a \u0627\u0644\u062f\u064a\u0643\u0648\u0631<\/a><\/li>\n<li class=\"menu-item menu-item-type-post_type menu-item-object-page menu-item-4841\"><a href=\"https:\/\/avrasyainsaat.net\/ar\/bina-guclendirme\/\" class=\"elementor-item\" tabindex=\"-1\">\u062a\u0639\u0632\u064a\u0632 \u0627\u0644\u0645\u0628\u0627\u0646\u064a<\/a><\/li>\n<\/ul>\t\t\t<\/nav>\n\t\t\t\t\t\t<\/div>\n\t\t\t\t\t<\/div>\n\t\t<\/div>\n\t\t\t\t\t<\/div>\n\t\t<\/section>\n\t\t\t\t<section class=\"elementor-section elementor-inner-section elementor-element elementor-element-1796b69 elementor-section-boxed elementor-section-height-default elementor-section-height-default\" data-id=\"1796b69\" data-element_type=\"section\" data-e-type=\"section\">\n\t\t\t\t\t\t<div class=\"elementor-container elementor-column-gap-default\">\n\t\t\t\t\t<div class=\"elementor-column elementor-col-100 elementor-inner-column elementor-element elementor-element-9ef6437\" data-id=\"9ef6437\" data-element_type=\"column\" data-e-type=\"column\" data-settings=\"{&quot;background_background&quot;:&quot;classic&quot;}\">\n\t\t\t<div class=\"elementor-widget-wrap elementor-element-populated\">\n\t\t\t\t\t\t<div class=\"elementor-element elementor-element-9354623 elementor-widget elementor-widget-elementskit-heading\" data-id=\"9354623\" data-element_type=\"widget\" data-e-type=\"widget\" data-widget_type=\"elementskit-heading.default\">\n\t\t\t\t\t<div class=\"ekit-wid-con\" ><div class=\"ekit-heading elementskit-section-title-wraper text_center   ekit_heading_tablet-   ekit_heading_mobile-\"><h2 class=\"ekit-heading--title elementskit-section-title\">\u0627\u062a\u0635\u0644 \u0628\u0646\u0627 <strong>\u0627\u0644\u0645\u0639\u0644\u0648\u0645\u0627\u062a<\/strong><\/h2><div class=\"ekit_heading_separetor_wraper ekit_heading_elementskit-border-divider ekit-dotted\"><div class=\"elementskit-border-divider ekit-dotted\"><\/div><\/div><\/div><\/div>\t\t\t\t<\/div>\n\t\t\t\t<div class=\"elementor-element elementor-element-8139331 elementor-icon-list--layout-traditional elementor-list-item-link-full_width elementor-widget elementor-widget-icon-list\" data-id=\"8139331\" data-element_type=\"widget\" data-e-type=\"widget\" data-widget_type=\"icon-list.default\">\n\t\t\t\t\t\t\t<ul class=\"elementor-icon-list-items\">\n\t\t\t\t\t\t\t<li class=\"elementor-icon-list-item\">\n\t\t\t\t\t\t\t\t\t\t\t<a href=\"https:\/\/goo.gl\/maps\/fBxGE4iQvd188PgH6\" target=\"_blank\" rel=\"noopener\">\n\n\t\t\t\t\t\t\t\t\t\t\t\t<span class=\"elementor-icon-list-icon\">\n\t\t\t\t\t\t\t<svg aria-hidden=\"true\" class=\"e-font-icon-svg e-fas-map-marker-alt\" viewbox=\"0 0 384 512\" xmlns=\"http:\/\/www.w3.org\/2000\/svg\"><path d=\"M172.268 501.67C26.97 291.031 0 269.413 0 192 0 85.961 85.961 0 192 0s192 85.961 192 192c0 77.413-26.97 99.031-172.268 309.67-9.535 13.774-29.93 13.773-39.464 0zM192 272c44.183 0 80-35.817 80-80s-35.817-80-80-80-80 35.817-80 80 35.817 80 80 80z\"><\/path><\/svg>\t\t\t\t\t\t<\/span>\n\t\t\t\t\t\t\t\t\t\t<span class=\"elementor-icon-list-text\">Bahcelievler Mah. Gazi Pasha Cd. B Blok 159\/26 \/ Yalova<\/span>\n\t\t\t\t\t\t\t\t\t\t\t<\/a>\n\t\t\t\t\t\t\t\t\t<\/li>\n\t\t\t\t\t\t\t\t<li class=\"elementor-icon-list-item\">\n\t\t\t\t\t\t\t\t\t\t\t<a href=\"tel:+90%20(226)%20813%2068%2035\">\n\n\t\t\t\t\t\t\t\t\t\t\t\t<span class=\"elementor-icon-list-icon\">\n\t\t\t\t\t\t\t<svg aria-hidden=\"true\" class=\"e-font-icon-svg e-fas-phone\" viewbox=\"0 0 512 512\" xmlns=\"http:\/\/www.w3.org\/2000\/svg\"><path d=\"M493.4 24.6l-104-24c-11.3-2.6-22.9 3.3-27.5 13.9l-48 112c-4.2 9.8-1.4 21.3 6.9 28l60.6 49.6c-36 76.7-98.9 140.5-177.2 177.2l-49.6-60.6c-6.8-8.3-18.2-11.1-28-6.9l-112 48C3.9 366.5-2 378.1.6 389.4l24 104C27.1 504.2 36.7 512 48 512c256.1 0 464-207.5 464-464 0-11.2-7.7-20.9-18.6-23.4z\"><\/path><\/svg>\t\t\t\t\t\t<\/span>\n\t\t\t\t\t\t\t\t\t\t<span class=\"elementor-icon-list-text\">+90 (226) 813 68 35<\/span>\n\t\t\t\t\t\t\t\t\t\t\t<\/a>\n\t\t\t\t\t\t\t\t\t<\/li>\n\t\t\t\t\t\t\t\t<li class=\"elementor-icon-list-item\">\n\t\t\t\t\t\t\t\t\t\t\t<a href=\"tel:+90%20(533)%20015%2002%2077\">\n\n\t\t\t\t\t\t\t\t\t\t\t\t<span class=\"elementor-icon-list-icon\">\n\t\t\t\t\t\t\t<svg aria-hidden=\"true\" class=\"e-font-icon-svg e-fas-mobile-alt\" viewbox=\"0 0 320 512\" xmlns=\"http:\/\/www.w3.org\/2000\/svg\"><path d=\"M272 0H48C21.5 0 0 21.5 0 48v416c0 26.5 21.5 48 48 48h224c26.5 0 48-21.5 48-48V48c0-26.5-21.5-48-48-48zM160 480c-17.7 0-32-14.3-32-32s14.3-32 32-32 32 14.3 32 32-14.3 32-32 32zm112-108c0 6.6-5.4 12-12 12H60c-6.6 0-12-5.4-12-12V60c0-6.6 5.4-12 12-12h200c6.6 0 12 5.4 12 12v312z\"><\/path><\/svg>\t\t\t\t\t\t<\/span>\n\t\t\t\t\t\t\t\t\t\t<span class=\"elementor-icon-list-text\">+90 (533) 015 02 77<\/span>\n\t\t\t\t\t\t\t\t\t\t\t<\/a>\n\t\t\t\t\t\t\t\t\t<\/li>\n\t\t\t\t\t\t\t\t<li class=\"elementor-icon-list-item\">\n\t\t\t\t\t\t\t\t\t\t\t<a href=\"mailto:info@avrasyainsaat.net\">\n\n\t\t\t\t\t\t\t\t\t\t\t\t<span class=\"elementor-icon-list-icon\">\n\t\t\t\t\t\t\t<i aria-hidden=\"true\" class=\"icon icon-email\"><\/i>\t\t\t\t\t\t<\/span>\n\t\t\t\t\t\t\t\t\t\t<span class=\"elementor-icon-list-text\">info@avrasyainsaat.net<\/span>\n\t\t\t\t\t\t\t\t\t\t\t<\/a>\n\t\t\t\t\t\t\t\t\t<\/li>\n\t\t\t\t\t\t<\/ul>\n\t\t\t\t\t\t<\/div>\n\t\t\t\t\t<\/div>\n\t\t<\/div>\n\t\t\t\t\t<\/div>\n\t\t<\/section>\n\t\t\t\t\t<\/div>\n\t\t<\/div>\n\t\t\t\t<div class=\"elementor-column elementor-col-50 elementor-top-column elementor-element elementor-element-e41450a\" data-id=\"e41450a\" data-element_type=\"column\" data-e-type=\"column\">\n\t\t\t<div class=\"elementor-widget-wrap elementor-element-populated\">\n\t\t\t\t\t\t<div class=\"elementor-element elementor-element-c392cea elementor-widget elementor-widget-text-editor\" data-id=\"c392cea\" data-element_type=\"widget\" data-e-type=\"widget\" data-widget_type=\"text-editor.default\">\n\t\t\t\t\t\t\t\t\t<p>Konut\/ticari in\u015faat\/gayrimenkul geli\u015ftirme\/ \u0130n\u015faat Hizmetleri alan\u0131nda tecr\u00fcbeye ve teknik birikime sahip olan firmam\u0131z entegre bir hizmet anlay\u0131\u015f\u0131 i\u00e7erisinde, kaliteli ve yenilik\u00e7i konseptlerde geli\u015ftirdi\u011fi projelerle, i\u015f ortaklar\u0131 ile g\u00fc\u00e7l\u00fc i\u015fbirli\u011fi i\u00e7erisinde \u00e7al\u0131\u015farak anahtar teslim hizmet vermektedir. Firmam\u0131z t\u00fcm projelerinde, betonarme, \u00e7elik yap\u0131 ve ah\u015fap yap\u0131 sistemleri dahilinde t\u00fcm yap\u0131lar\u0131 organize edebilecek ve \u00fcretebilecek bilgi birikimine ve profesyonel kadroya sahiptir.<\/p><p><strong>ANAHTAR TESL\u0130M \u0130N\u015eAAT H\u0130ZMETLER\u0130<\/strong><\/p><p>Firmam\u0131z in\u015faat projelendirmesi ve y\u00f6netimi, kalite kontrol ve i\u015fin zaman\u0131nda teslim edilmesi s\u00fcre\u00e7lerinde son derece ba\u015far\u0131l\u0131 hizmet sunmaktad\u0131r. En temel \u00e7al\u0131\u015fma ilkemiz hizmet verdi\u011fimiz m\u00fc\u015fterilerimizin ama\u00e7lar\u0131na uygun projeleri tasarlamak ve uygun fiyatland\u0131rma se\u00e7enekleri sunarak i\u015fe ba\u015flamaktad\u0131r. \u0130n\u015faat sekt\u00f6r\u00fcnde Gayrimenkul Dan\u0131\u015fmanl\u0131\u011f\u0131 , Mimari, \u0130n\u015faat, \u00d6zel Uygulama Projeleri Tasar\u0131m\u0131, Kaba \u0130n\u015faat ve Harfiyat gibi alanlarda hizmet sunmaktay\u0131z.<\/p><p>M\u00fc\u015fteri beklentilerini en \u00fcst seviyede tutarak deneyim ve kalite konusunda s\u00fcrekli geli\u015fimle birle\u015ftiren ve bu sorumluluklar\u0131 i\u015f ahlak\u0131na ba\u011fl\u0131 bir \u015fekilde yerine getiren AVRASYA \u0130N\u015eAAT farkl\u0131 sekt\u00f6rlerde faaliyet g\u00f6steren m\u00fc\u015fterilerine sekt\u00f6re uygun olan \u00e7\u00f6z\u00fcmler sunmaktad\u0131r.<\/p><p>Yap\u0131lacak i\u015fin b\u00fcy\u00fckl\u00fc\u011f\u00fcne ve teknik \u00f6zelliklerine uygun her t\u00fcrl\u00fc in\u015faat malzemesi , ekipman ve i\u015f g\u00fcc\u00fc, i\u015fin gecikmesi olmaks\u0131z\u0131n s\u00fcrd\u00fcr\u00fclmesi i\u00e7in \u015fantiyeye ula\u015ft\u0131r\u0131lmaktad\u0131r.<\/p><p>\u015eantiye yerle\u015fimimiz ile i\u015f g\u00fcvenli\u011fi ve i\u015f\u00e7i sa\u011fl\u0131\u011f\u0131na uygun \u015fartlarda haz\u0131rlan\u0131p \u00e7al\u0131\u015fanlar\u0131n ya\u015fam ve \u00e7al\u0131\u015fma \u015fartlar\u0131 g\u00fcvence alt\u0131na al\u0131nmaktad\u0131r.<\/p><p>\u00c7al\u0131\u015fmalar\u0131m\u0131z esnas\u0131nda \u00e7evre ile ilgili \u015fartlar kontrol edilip, gerekli \u00f6nlemler al\u0131narak \u00e7evre d\u00fczeninin yap\u0131lan i\u015ften olumsuz etkilenmemesine maksimum \u00f6zen g\u00f6sterilmektedir.<\/p><p>Y\u00fcklenicili\u011fini \u00fcstlendi\u011fimiz in\u015faat i\u015flerine ait mimari ve statik projeler taraf\u0131m\u0131zdan \u00fccretsiz olarak yap\u0131lmaktad\u0131r. Bu da in\u015faat yat\u0131r\u0131m maliyetlerinde ciddi bir tasarruf sa\u011flamaktad\u0131r.<\/p>\t\t\t\t\t\t\t\t<\/div>\n\t\t\t\t\t<\/div>\n\t\t<\/div>\n\t\t\t\t\t<\/div>\n\t\t<\/section>\n\t\t\t\t<\/div>","protected":false},"excerpt":{"rendered":"<p>Hizmetlerimiz \u0130leti\u015fim Bilgileri Bah\u00e7elievler Mah. Gazi Pa\u015fa Cd. B Blok 159\/26 \/ Yalova +90 (226) 813 68 35 +90 (533) 015 02 77 info@avrasyainsaat.net Konut\/ticari in\u015faat\/gayrimenkul geli\u015ftirme\/ \u0130n\u015faat Hizmetleri alan\u0131nda tecr\u00fcbeye ve teknik birikime sahip olan firmam\u0131z entegre bir hizmet anlay\u0131\u015f\u0131 i\u00e7erisinde, kaliteli ve yenilik\u00e7i konseptlerde geli\u015ftirdi\u011fi projelerle, i\u015f ortaklar\u0131 ile g\u00fc\u00e7l\u00fc i\u015fbirli\u011fi i\u00e7erisinde \u00e7al\u0131\u015farak [&hellip;]<\/p>\n","protected":false},"author":1,"featured_media":0,"parent":0,"menu_order":0,"comment_status":"closed","ping_status":"closed","template":"elementor_header_footer","meta":{"footnotes":""},"class_list":["post-613","page","type-page","status-publish","hentry"],"_links":{"self":[{"href":"https:\/\/avrasyainsaat.net\/ar\/wp-json\/wp\/v2\/pages\/613","targetHints":{"allow":["GET"]}}],"collection":[{"href":"https:\/\/avrasyainsaat.net\/ar\/wp-json\/wp\/v2\/pages"}],"about":[{"href":"https:\/\/avrasyainsaat.net\/ar\/wp-json\/wp\/v2\/types\/page"}],"author":[{"embeddable":true,"href":"https:\/\/avrasyainsaat.net\/ar\/wp-json\/wp\/v2\/users\/1"}],"replies":[{"embeddable":true,"href":"https:\/\/avrasyainsaat.net\/ar\/wp-json\/wp\/v2\/comments?post=613"}],"version-history":[{"count":0,"href":"https:\/\/avrasyainsaat.net\/ar\/wp-json\/wp\/v2\/pages\/613\/revisions"}],"wp:attachment":[{"href":"https:\/\/avrasyainsaat.net\/ar\/wp-json\/wp\/v2\/media?parent=613"}],"curies":[{"name":"wp","href":"https:\/\/api.w.org\/{rel}","templated":true}]}}