{"id":646,"date":"2022-05-08T23:38:33","date_gmt":"2022-05-08T20:38:33","guid":{"rendered":"https:\/\/avrasyainsaat.net\/?page_id=646"},"modified":"2022-05-08T23:38:33","modified_gmt":"2022-05-08T20:38:33","slug":"taahhut-hizmetleri","status":"publish","type":"page","link":"https:\/\/avrasyainsaat.net\/ar\/taahhut-hizmetleri\/","title":{"rendered":"\u062e\u062f\u0645\u0627\u062a \u0627\u0644\u0645\u0642\u0627\u0648\u0644\u0627\u062a"},"content":{"rendered":"<div data-elementor-type=\"wp-page\" data-elementor-id=\"646\" class=\"elementor elementor-646\" data-elementor-post-type=\"page\">\n\t\t\t\t\t\t<section class=\"elementor-section elementor-top-section elementor-element elementor-element-f51ac08 elementor-section-height-min-height elementor-section-stretched elementor-section-boxed elementor-section-height-default elementor-section-items-middle\" data-id=\"f51ac08\" data-element_type=\"section\" data-e-type=\"section\" data-settings=\"{&quot;stretch_section&quot;:&quot;section-stretched&quot;,&quot;background_background&quot;:&quot;classic&quot;}\">\n\t\t\t\t\t\t\t<div class=\"elementor-background-overlay\"><\/div>\n\t\t\t\t\t\t\t<div class=\"elementor-container elementor-column-gap-no\">\n\t\t\t\t\t<div class=\"elementor-column elementor-col-100 elementor-top-column elementor-element elementor-element-d9bb68e\" data-id=\"d9bb68e\" data-element_type=\"column\" data-e-type=\"column\">\n\t\t\t<div class=\"elementor-widget-wrap elementor-element-populated\">\n\t\t\t\t\t\t<section class=\"elementor-section elementor-inner-section elementor-element elementor-element-8166751 elementor-section-boxed elementor-section-height-default elementor-section-height-default\" data-id=\"8166751\" data-element_type=\"section\" data-e-type=\"section\">\n\t\t\t\t\t\t<div class=\"elementor-container elementor-column-gap-default\">\n\t\t\t\t\t<div class=\"elementor-column elementor-col-100 elementor-inner-column elementor-element elementor-element-5427f1c\" data-id=\"5427f1c\" data-element_type=\"column\" data-e-type=\"column\">\n\t\t\t<div class=\"elementor-widget-wrap elementor-element-populated\">\n\t\t\t\t\t\t\t<\/div>\n\t\t<\/div>\n\t\t\t\t\t<\/div>\n\t\t<\/section>\n\t\t\t\t\t<\/div>\n\t\t<\/div>\n\t\t\t\t\t<\/div>\n\t\t<\/section>\n\t\t\t\t<section class=\"elementor-section elementor-top-section elementor-element elementor-element-b5476e5 elementor-reverse-mobile elementor-section-boxed elementor-section-height-default elementor-section-height-default\" data-id=\"b5476e5\" data-element_type=\"section\" data-e-type=\"section\">\n\t\t\t\t\t\t<div class=\"elementor-container elementor-column-gap-no\">\n\t\t\t\t\t<div class=\"elementor-column elementor-col-50 elementor-top-column elementor-element elementor-element-96bedcf\" data-id=\"96bedcf\" data-element_type=\"column\" data-e-type=\"column\">\n\t\t\t<div class=\"elementor-widget-wrap elementor-element-populated\">\n\t\t\t\t\t\t<section class=\"elementor-section elementor-inner-section elementor-element elementor-element-835dc24 elementor-section-boxed elementor-section-height-default elementor-section-height-default\" data-id=\"835dc24\" data-element_type=\"section\" data-e-type=\"section\">\n\t\t\t\t\t\t<div class=\"elementor-container elementor-column-gap-default\">\n\t\t\t\t\t<div class=\"elementor-column elementor-col-100 elementor-inner-column elementor-element elementor-element-69940b4\" data-id=\"69940b4\" data-element_type=\"column\" data-e-type=\"column\" data-settings=\"{&quot;background_background&quot;:&quot;classic&quot;}\">\n\t\t\t<div class=\"elementor-widget-wrap elementor-element-populated\">\n\t\t\t\t\t\t<div class=\"elementor-element elementor-element-a075faa elementor-widget elementor-widget-elementskit-heading\" data-id=\"a075faa\" data-element_type=\"widget\" data-e-type=\"widget\" data-widget_type=\"elementskit-heading.default\">\n\t\t\t\t\t<div class=\"ekit-wid-con\" ><div class=\"ekit-heading elementskit-section-title-wraper text_center   ekit_heading_tablet-   ekit_heading_mobile-\"><h2 class=\"ekit-heading--title elementskit-section-title\">\u062e\u062f\u0645\u0627\u062a\u0646\u0627 <strong><\/strong><\/h2><div class=\"ekit_heading_separetor_wraper ekit_heading_elementskit-border-divider ekit-dotted\"><div class=\"elementskit-border-divider ekit-dotted\"><\/div><\/div><\/div><\/div>\t\t\t\t<\/div>\n\t\t\t\t<div class=\"elementor-element elementor-element-156a62e elementor-nav-menu--dropdown-none elementor-widget elementor-widget-nav-menu\" data-id=\"156a62e\" data-element_type=\"widget\" data-e-type=\"widget\" data-settings=\"{&quot;layout&quot;:&quot;vertical&quot;,&quot;submenu_icon&quot;:{&quot;value&quot;:&quot;&lt;i aria-hidden=\\&quot;true\\&quot; class=\\&quot;\\&quot;&gt;&lt;\\\/i&gt;&quot;,&quot;library&quot;:&quot;&quot;}}\" data-widget_type=\"nav-menu.default\">\n\t\t\t\t\t\t\t\t<nav aria-label=\"\u0642\u0627\u0626\u0645\u0629 \u0627\u0644\u0637\u0639\u0627\u0645\" class=\"elementor-nav-menu--main elementor-nav-menu__container elementor-nav-menu--layout-vertical e--pointer-background e--animation-fade\">\n\t\t\t\t<ul id=\"menu-1-156a62e\" class=\"elementor-nav-menu sm-vertical\"><li class=\"menu-item menu-item-type-post_type menu-item-object-page menu-item-4845\"><a href=\"https:\/\/avrasyainsaat.net\/ar\/celik-konstruksiyon\/\" class=\"elementor-item\">\u0627\u0644\u0625\u0646\u0634\u0627\u0621\u0627\u062a \u0627\u0644\u0641\u0648\u0644\u0627\u0630\u064a\u0629<\/a><\/li>\n<li class=\"menu-item menu-item-type-post_type menu-item-object-page menu-item-4840\"><a href=\"https:\/\/avrasyainsaat.net\/ar\/prefabrik-ev\/\" class=\"elementor-item\">\u0627\u0644\u0628\u064a\u062a \u0627\u0644\u062c\u0627\u0647\u0632<\/a><\/li>\n<li class=\"menu-item menu-item-type-post_type menu-item-object-page menu-item-4849\"><a href=\"https:\/\/avrasyainsaat.net\/ar\/konteyner-ev-modelleri\/\" class=\"elementor-item\">\u0646\u0645\u0627\u0630\u062c \u0628\u064a\u062a \u0627\u0644\u062d\u0627\u0648\u064a\u0627\u062a<\/a><\/li>\n<li class=\"menu-item menu-item-type-post_type menu-item-object-page menu-item-4848\"><a href=\"https:\/\/avrasyainsaat.net\/ar\/orgu-cit-modelleri\/\" class=\"elementor-item\">\u0646\u0645\u0627\u0630\u062c \u0633\u064a\u0627\u062c \u0645\u062d\u0628\u0648\u0643\u0629<\/a><\/li>\n<li class=\"menu-item menu-item-type-post_type menu-item-object-page menu-item-4831\"><a href=\"https:\/\/avrasyainsaat.net\/ar\/insaat-hizmetleri\/\" class=\"elementor-item\">\u062e\u062f\u0645\u0627\u062a \u0627\u0644\u0628\u0646\u0627\u0621 \u0648\u0627\u0644\u062a\u0634\u064a\u064a\u062f<\/a><\/li>\n<li class=\"menu-item menu-item-type-post_type menu-item-object-page menu-item-4832\"><a href=\"https:\/\/avrasyainsaat.net\/ar\/muhendislik-hizmetleri\/\" class=\"elementor-item\">\u0627\u0644\u062e\u062f\u0645\u0627\u062a \u0627\u0644\u0647\u0646\u062f\u0633\u064a\u0629<\/a><\/li>\n<li class=\"menu-item menu-item-type-post_type menu-item-object-page menu-item-4833\"><a href=\"https:\/\/avrasyainsaat.net\/ar\/proje-hizmetleri\/\" class=\"elementor-item\">\u062e\u062f\u0645\u0627\u062a \u0627\u0644\u0645\u0634\u0627\u0631\u064a\u0639<\/a><\/li>\n<li class=\"menu-item menu-item-type-post_type menu-item-object-page menu-item-4839\"><a href=\"https:\/\/avrasyainsaat.net\/ar\/dekorasyon-hizmetleri\/\" class=\"elementor-item\">\u062e\u062f\u0645\u0627\u062a \u0627\u0644\u062f\u064a\u0643\u0648\u0631<\/a><\/li>\n<li class=\"menu-item menu-item-type-post_type menu-item-object-page menu-item-4841\"><a href=\"https:\/\/avrasyainsaat.net\/ar\/bina-guclendirme\/\" class=\"elementor-item\">\u062a\u0639\u0632\u064a\u0632 \u0627\u0644\u0645\u0628\u0627\u0646\u064a<\/a><\/li>\n<\/ul>\t\t\t<\/nav>\n\t\t\t\t\t\t<nav class=\"elementor-nav-menu--dropdown elementor-nav-menu__container\" aria-hidden=\"true\">\n\t\t\t\t<ul id=\"menu-2-156a62e\" class=\"elementor-nav-menu sm-vertical\"><li class=\"menu-item menu-item-type-post_type menu-item-object-page menu-item-4845\"><a href=\"https:\/\/avrasyainsaat.net\/ar\/celik-konstruksiyon\/\" class=\"elementor-item\" tabindex=\"-1\">\u0627\u0644\u0625\u0646\u0634\u0627\u0621\u0627\u062a \u0627\u0644\u0641\u0648\u0644\u0627\u0630\u064a\u0629<\/a><\/li>\n<li class=\"menu-item menu-item-type-post_type menu-item-object-page menu-item-4840\"><a href=\"https:\/\/avrasyainsaat.net\/ar\/prefabrik-ev\/\" class=\"elementor-item\" tabindex=\"-1\">\u0627\u0644\u0628\u064a\u062a \u0627\u0644\u062c\u0627\u0647\u0632<\/a><\/li>\n<li class=\"menu-item menu-item-type-post_type menu-item-object-page menu-item-4849\"><a href=\"https:\/\/avrasyainsaat.net\/ar\/konteyner-ev-modelleri\/\" class=\"elementor-item\" tabindex=\"-1\">\u0646\u0645\u0627\u0630\u062c \u0628\u064a\u062a \u0627\u0644\u062d\u0627\u0648\u064a\u0627\u062a<\/a><\/li>\n<li class=\"menu-item menu-item-type-post_type menu-item-object-page menu-item-4848\"><a href=\"https:\/\/avrasyainsaat.net\/ar\/orgu-cit-modelleri\/\" class=\"elementor-item\" tabindex=\"-1\">\u0646\u0645\u0627\u0630\u062c \u0633\u064a\u0627\u062c \u0645\u062d\u0628\u0648\u0643\u0629<\/a><\/li>\n<li class=\"menu-item menu-item-type-post_type menu-item-object-page menu-item-4831\"><a href=\"https:\/\/avrasyainsaat.net\/ar\/insaat-hizmetleri\/\" class=\"elementor-item\" tabindex=\"-1\">\u062e\u062f\u0645\u0627\u062a \u0627\u0644\u0628\u0646\u0627\u0621 \u0648\u0627\u0644\u062a\u0634\u064a\u064a\u062f<\/a><\/li>\n<li class=\"menu-item menu-item-type-post_type menu-item-object-page menu-item-4832\"><a href=\"https:\/\/avrasyainsaat.net\/ar\/muhendislik-hizmetleri\/\" class=\"elementor-item\" tabindex=\"-1\">\u0627\u0644\u062e\u062f\u0645\u0627\u062a \u0627\u0644\u0647\u0646\u062f\u0633\u064a\u0629<\/a><\/li>\n<li class=\"menu-item menu-item-type-post_type menu-item-object-page menu-item-4833\"><a href=\"https:\/\/avrasyainsaat.net\/ar\/proje-hizmetleri\/\" class=\"elementor-item\" tabindex=\"-1\">\u062e\u062f\u0645\u0627\u062a \u0627\u0644\u0645\u0634\u0627\u0631\u064a\u0639<\/a><\/li>\n<li class=\"menu-item menu-item-type-post_type menu-item-object-page menu-item-4839\"><a href=\"https:\/\/avrasyainsaat.net\/ar\/dekorasyon-hizmetleri\/\" class=\"elementor-item\" tabindex=\"-1\">\u062e\u062f\u0645\u0627\u062a \u0627\u0644\u062f\u064a\u0643\u0648\u0631<\/a><\/li>\n<li class=\"menu-item menu-item-type-post_type menu-item-object-page menu-item-4841\"><a href=\"https:\/\/avrasyainsaat.net\/ar\/bina-guclendirme\/\" class=\"elementor-item\" tabindex=\"-1\">\u062a\u0639\u0632\u064a\u0632 \u0627\u0644\u0645\u0628\u0627\u0646\u064a<\/a><\/li>\n<\/ul>\t\t\t<\/nav>\n\t\t\t\t\t\t<\/div>\n\t\t\t\t\t<\/div>\n\t\t<\/div>\n\t\t\t\t\t<\/div>\n\t\t<\/section>\n\t\t\t\t<section class=\"elementor-section elementor-inner-section elementor-element elementor-element-1796b69 elementor-section-boxed elementor-section-height-default elementor-section-height-default\" data-id=\"1796b69\" data-element_type=\"section\" data-e-type=\"section\">\n\t\t\t\t\t\t<div class=\"elementor-container elementor-column-gap-default\">\n\t\t\t\t\t<div class=\"elementor-column elementor-col-100 elementor-inner-column elementor-element elementor-element-9ef6437\" data-id=\"9ef6437\" data-element_type=\"column\" data-e-type=\"column\" data-settings=\"{&quot;background_background&quot;:&quot;classic&quot;}\">\n\t\t\t<div class=\"elementor-widget-wrap elementor-element-populated\">\n\t\t\t\t\t\t<div class=\"elementor-element elementor-element-9354623 elementor-widget elementor-widget-elementskit-heading\" data-id=\"9354623\" data-element_type=\"widget\" data-e-type=\"widget\" data-widget_type=\"elementskit-heading.default\">\n\t\t\t\t\t<div class=\"ekit-wid-con\" ><div class=\"ekit-heading elementskit-section-title-wraper text_center   ekit_heading_tablet-   ekit_heading_mobile-\"><h2 class=\"ekit-heading--title elementskit-section-title\">\u0627\u062a\u0635\u0644 \u0628\u0646\u0627 <strong>\u0627\u0644\u0645\u0639\u0644\u0648\u0645\u0627\u062a<\/strong><\/h2><div class=\"ekit_heading_separetor_wraper ekit_heading_elementskit-border-divider ekit-dotted\"><div class=\"elementskit-border-divider ekit-dotted\"><\/div><\/div><\/div><\/div>\t\t\t\t<\/div>\n\t\t\t\t<div class=\"elementor-element elementor-element-8139331 elementor-icon-list--layout-traditional elementor-list-item-link-full_width elementor-widget elementor-widget-icon-list\" data-id=\"8139331\" data-element_type=\"widget\" data-e-type=\"widget\" data-widget_type=\"icon-list.default\">\n\t\t\t\t\t\t\t<ul class=\"elementor-icon-list-items\">\n\t\t\t\t\t\t\t<li class=\"elementor-icon-list-item\">\n\t\t\t\t\t\t\t\t\t\t\t<a href=\"https:\/\/goo.gl\/maps\/fBxGE4iQvd188PgH6\" target=\"_blank\" rel=\"noopener\">\n\n\t\t\t\t\t\t\t\t\t\t\t\t<span class=\"elementor-icon-list-icon\">\n\t\t\t\t\t\t\t<svg aria-hidden=\"true\" class=\"e-font-icon-svg e-fas-map-marker-alt\" viewbox=\"0 0 384 512\" xmlns=\"http:\/\/www.w3.org\/2000\/svg\"><path d=\"M172.268 501.67C26.97 291.031 0 269.413 0 192 0 85.961 85.961 0 192 0s192 85.961 192 192c0 77.413-26.97 99.031-172.268 309.67-9.535 13.774-29.93 13.773-39.464 0zM192 272c44.183 0 80-35.817 80-80s-35.817-80-80-80-80 35.817-80 80 35.817 80 80 80z\"><\/path><\/svg>\t\t\t\t\t\t<\/span>\n\t\t\t\t\t\t\t\t\t\t<span class=\"elementor-icon-list-text\">Bahcelievler Mah. Gazi Pasha Cd. B Blok 159\/26 \/ Yalova<\/span>\n\t\t\t\t\t\t\t\t\t\t\t<\/a>\n\t\t\t\t\t\t\t\t\t<\/li>\n\t\t\t\t\t\t\t\t<li class=\"elementor-icon-list-item\">\n\t\t\t\t\t\t\t\t\t\t\t<a href=\"tel:+90%20(226)%20813%2068%2035\">\n\n\t\t\t\t\t\t\t\t\t\t\t\t<span class=\"elementor-icon-list-icon\">\n\t\t\t\t\t\t\t<svg aria-hidden=\"true\" class=\"e-font-icon-svg e-fas-phone\" viewbox=\"0 0 512 512\" xmlns=\"http:\/\/www.w3.org\/2000\/svg\"><path d=\"M493.4 24.6l-104-24c-11.3-2.6-22.9 3.3-27.5 13.9l-48 112c-4.2 9.8-1.4 21.3 6.9 28l60.6 49.6c-36 76.7-98.9 140.5-177.2 177.2l-49.6-60.6c-6.8-8.3-18.2-11.1-28-6.9l-112 48C3.9 366.5-2 378.1.6 389.4l24 104C27.1 504.2 36.7 512 48 512c256.1 0 464-207.5 464-464 0-11.2-7.7-20.9-18.6-23.4z\"><\/path><\/svg>\t\t\t\t\t\t<\/span>\n\t\t\t\t\t\t\t\t\t\t<span class=\"elementor-icon-list-text\">+90 (226) 813 68 35<\/span>\n\t\t\t\t\t\t\t\t\t\t\t<\/a>\n\t\t\t\t\t\t\t\t\t<\/li>\n\t\t\t\t\t\t\t\t<li class=\"elementor-icon-list-item\">\n\t\t\t\t\t\t\t\t\t\t\t<a href=\"tel:+90%20(533)%20015%2002%2077\">\n\n\t\t\t\t\t\t\t\t\t\t\t\t<span class=\"elementor-icon-list-icon\">\n\t\t\t\t\t\t\t<svg aria-hidden=\"true\" class=\"e-font-icon-svg e-fas-mobile-alt\" viewbox=\"0 0 320 512\" xmlns=\"http:\/\/www.w3.org\/2000\/svg\"><path d=\"M272 0H48C21.5 0 0 21.5 0 48v416c0 26.5 21.5 48 48 48h224c26.5 0 48-21.5 48-48V48c0-26.5-21.5-48-48-48zM160 480c-17.7 0-32-14.3-32-32s14.3-32 32-32 32 14.3 32 32-14.3 32-32 32zm112-108c0 6.6-5.4 12-12 12H60c-6.6 0-12-5.4-12-12V60c0-6.6 5.4-12 12-12h200c6.6 0 12 5.4 12 12v312z\"><\/path><\/svg>\t\t\t\t\t\t<\/span>\n\t\t\t\t\t\t\t\t\t\t<span class=\"elementor-icon-list-text\">+90 (533) 015 02 77<\/span>\n\t\t\t\t\t\t\t\t\t\t\t<\/a>\n\t\t\t\t\t\t\t\t\t<\/li>\n\t\t\t\t\t\t\t\t<li class=\"elementor-icon-list-item\">\n\t\t\t\t\t\t\t\t\t\t\t<a href=\"mailto:info@avrasyainsaat.net\">\n\n\t\t\t\t\t\t\t\t\t\t\t\t<span class=\"elementor-icon-list-icon\">\n\t\t\t\t\t\t\t<i aria-hidden=\"true\" class=\"icon icon-email\"><\/i>\t\t\t\t\t\t<\/span>\n\t\t\t\t\t\t\t\t\t\t<span class=\"elementor-icon-list-text\">info@avrasyainsaat.net<\/span>\n\t\t\t\t\t\t\t\t\t\t\t<\/a>\n\t\t\t\t\t\t\t\t\t<\/li>\n\t\t\t\t\t\t<\/ul>\n\t\t\t\t\t\t<\/div>\n\t\t\t\t\t<\/div>\n\t\t<\/div>\n\t\t\t\t\t<\/div>\n\t\t<\/section>\n\t\t\t\t\t<\/div>\n\t\t<\/div>\n\t\t\t\t<div class=\"elementor-column elementor-col-50 elementor-top-column elementor-element elementor-element-e41450a\" data-id=\"e41450a\" data-element_type=\"column\" data-e-type=\"column\">\n\t\t\t<div class=\"elementor-widget-wrap elementor-element-populated\">\n\t\t\t\t\t\t<div class=\"elementor-element elementor-element-c392cea elementor-widget elementor-widget-text-editor\" data-id=\"c392cea\" data-element_type=\"widget\" data-e-type=\"widget\" data-widget_type=\"text-editor.default\">\n\t\t\t\t\t\t\t\t\t<ul><li>Projenin haz\u0131rlanmas\u0131,<\/li><li>Ke\u015fif bedelinin belirlenmesi,<\/li><li>Fiyatland\u0131rma y\u00f6nteminin tespiti,<\/li><li>Teklif alma y\u00f6nteminin belirlenmesi,<\/li><\/ul><p>\u0130haleye \u00e7\u0131kar\u0131lan projeye taahh\u00fct i\u015fletmeleri taraf\u0131ndan teklif verilir. Verilen teklifler i\u015fveren taraf\u0131ndan de\u011ferlendirilir ve en uygun teklifi veren in\u015faat taahh\u00fct i\u015fletmesi ile s\u00f6zle\u015fme imzalan\u0131r ve in\u015faata ba\u015flan\u0131r.<\/p><ol><li>\u0130n\u015faat Taahh\u00fctlerinde \u0130zlenen S\u00fcre\u00e7:<\/li><\/ol><p>1.1 Projenin Haz\u0131rlanmas\u0131: \u0130n\u015faat taahh\u00fct i\u015flerinde yap\u0131lmas\u0131 gereken ilk i\u015f yap\u0131lacak in\u015faata ait projenin haz\u0131rlanmas\u0131d\u0131r.\u00a0 Proje bu alanda b\u00fcnyemizde veya uzman kurulu\u015flara taraf\u0131m\u0131zca haz\u0131rlat\u0131r.<\/p><p>Yapt\u0131r\u0131lmas\u0131 d\u00fc\u015f\u00fcn\u00fclen in\u015faat\u0131n ihaleye \u00e7\u0131kart\u0131labilmesi i\u00e7in:<\/p><ul><li>Arsa temin edilmi\u015f<\/li><li>M\u00fclkiyet ve kamula\u015ft\u0131rma i\u015flemleri tamamlanm\u0131\u015f,<\/li><li>\u0130mar izinleri al\u0131nm\u0131\u015f,<\/li><li>Proje haz\u0131rlanm\u0131\u015f olmal\u0131d\u0131r.<\/li><\/ul><p>Projeler, \u00e7e\u015fitli planlardan olu\u015fur:<\/p><p>Vaziyet Plan\u0131: Arazinin boyutlar\u0131, yap\u0131n\u0131n yerle\u015fimi, \u00e7evre (kom\u015fu arazi, cadde, sokak, v.s) uzakl\u0131\u011f\u0131 ve yol kotunun belirtildi\u011fi planlard\u0131r.<\/p><p>Kat Plan\u0131: Yap\u0131 i\u00e7erisinde yer alan oda ve \u00e7e\u015fitli b\u00f6l\u00fcmler ile merdivenler, ayd\u0131nlanma bo\u015flu\u011fu, baca gibi unsurlar\u0131n boyutlar\u0131n\u0131 g\u00f6steren planlard\u0131r.<\/p><p>Kesitler: \u0130n\u015fa edilecek yap\u0131n\u0131n dikey ve yatay olarak kesildi\u011fi varsay\u0131m\u0131yla ortaya \u00e7\u0131kan g\u00f6r\u00fcnt\u00fcn\u00fcn ayr\u0131nt\u0131lar\u0131n\u0131n g\u00f6sterildi\u011fi pland\u0131r.<\/p><p>G\u00f6r\u00fcn\u00fc\u015f Planlar\u0131: \u0130n\u015fa edilecek yap\u0131n\u0131n t\u00fcm cephelerden g\u00f6r\u00fcn\u00fcm\u00fcn\u00fc veren planlard\u0131r.<\/p><p>Tesisat Planlar\u0131: Elektrik, su, \u0131s\u0131tma, havaland\u0131rma, asans\u00f6r ve so\u011futma gibi tesisatlar\u0131n resim ve konumlar\u0131n\u0131 g\u00f6steren planlard\u0131r.<\/p><p>Detay Planlar: \u0130n\u015fa edilecek yap\u0131y\u0131 olu\u015fturan \u00e7e\u015fitli elemanlar\u0131n d\u00fc\u011f\u00fcm noktalar\u0131n\u0131 detayl\u0131 olarak belirtmek amac\u0131yla \u00e7izilmi\u015f resimlerdir.<\/p><p>Yukar\u0131daki planlar kullan\u0131larak, in\u015faat\u0131n seyrine g\u00f6re olu\u015fturulacak projeler ise \u015funlard\u0131r:<\/p><p>Avan Projeler (\u00d6n Proje): \u0130n\u015faata ili\u015fkin haz\u0131rlanacak ilk proje taslak bir proje olup, bu proje;<\/p><ul><li>Araziye ait zemin et\u00fctleri,<\/li><li>Temel et\u00fctleri,<\/li><li>Vaziyet plan\u0131,<\/li><li>Kat ve \u00e7at\u0131 planlar\u0131,<\/li><li>\u0130n\u015faat\u0131n mimari g\u00f6r\u00fcn\u00fc\u015f\u00fcn\u00fcn yer alaca\u011f\u0131 bir rapordan olu\u015fur.<\/li><\/ul><p>Kesin Projeler: Yap\u0131ya ait avan projesi onayland\u0131ktan sonra, t\u00fcm birimler \u00f6l\u00e7\u00fclendirilip, detayland\u0131r\u0131l\u0131r. B\u00f6ylelikle kesin proje haz\u0131rlanm\u0131\u015f olur. Ba\u015fka bir ifadeyle kesin proje, avan projesinin teknik \u00f6zellikleri itibariyle g\u00f6zden ge\u00e7irilmesiyle olu\u015fturulan projedir.<\/p><p>Uygulama Projeleri: Kesin projeler onayland\u0131ktan sonra, detaylara uygun olarak mimari elemanlar, tesisat\u0131n \u00f6l\u00e7\u00fcleri ve di\u011fer ayr\u0131nt\u0131lar\u0131n g\u00f6sterildi\u011fi uygulama projesi haz\u0131rlan\u0131r. Bu proje mimari, statik ve tesisat projeleri gibi alt projelerden olu\u015fur.<\/p><p>1.2. Ke\u015fif Bedelinin Belirlenmesi: Proje haz\u0131rland\u0131ktan sonra, yap\u0131lmas\u0131 d\u00fc\u015f\u00fcn\u00fclen in\u015faat\u0131n tahmini maliyeti belirlenir. Bu maliyete in\u015faat\u0131 yapacak, taahh\u00fct i\u015fletmesinin kar\u0131 da eklenerek, in\u015faat\u0131n toplam maliyeti belirlenir.<\/p><p>Ke\u015fif bedelinin eksik veya fazla olarak tespit edilmesi \u00e7e\u015fitli sorunlara yol a\u00e7ar. Bu nedenle ke\u015fif bedeli belirlenirken, in\u015faat\u0131n maliyetinin do\u011fru olarak hesaplanmas\u0131 \u00e7ok \u00f6nemlidir. Ke\u015fif bedelinin belirlenmesinde yap\u0131lacak t\u00fcm giderler ayr\u0131nt\u0131l\u0131 olarak belirlenebilece\u011fi gibi, projelerde yer alan i\u015fler i\u00e7in belirlenmi\u015f birim fiyat listelerinden veya asgari in\u015faat metrekare birim fiyatlar\u0131ndan da faydalan\u0131labilir. \u0130n\u015faat\u0131n maliyetini kalemler halinde g\u00f6steren ke\u015ffe birinci ke\u015fif ad\u0131 verilir.<\/p><p>1.3. Fiyatland\u0131rma Y\u00f6nteminin Belirlenmesi: Yapt\u0131r\u0131lmas\u0131 d\u00fc\u015f\u00fcn\u00fclen in\u015faat\u0131n tahmini maliyeti (ke\u015fif bedeli) belirlendikten sonra, taahh\u00fct i\u015fletmeleri (m\u00fcteahhit firma) taraf\u0131ndan yap\u0131lacak i\u015flerin de\u011ferlendirilmesinde kullan\u0131lacak fiyatland\u0131rma y\u00f6nteminin belirlenmesi gerekir. Belirlenecek bu fiyatland\u0131rma y\u00f6ntemi ihaleyi kazanacak taahh\u00fct i\u015fletmesi ile yap\u0131lacak s\u00f6zle\u015fmede yer alaca\u011f\u0131ndan, i\u015fin ihale edilmesinden \u00f6nce bu y\u00f6ntemin, i\u015fi yapt\u0131racaklar (i\u015fveren) taraf\u0131ndan belirlenmesi gerekmektedir.<\/p><p>Fiyatland\u0131rma y\u00f6ntemi s\u00f6zle\u015fmede belirtilmemi\u015f ise, bu durumda Bor\u00e7lar Kanunu h\u00fck\u00fcmleri uygulan\u0131r. Buna g\u00f6re; \u201cBedel, i\u015fin k\u0131ymetine g\u00f6re tayin edilmek \u00fczere \u00f6nceden kararla\u015ft\u0131r\u0131lmam\u0131\u015f veya takribi bir suretle kararla\u015ft\u0131r\u0131lm\u0131\u015f ise, yap\u0131lan \u015feyin k\u0131ymetine ve m\u00fcteahhidin masraf\u0131na g\u00f6re tayin edilir\u201d.<\/p><p>Fiyat belirleme y\u00f6ntemleri \u015funlard\u0131r:<\/p><ul><li>Birim fiyat y\u00f6ntemi<\/li><li>Maliyet + kar y\u00f6ntemi<\/li><li>G\u00f6t\u00fcr\u00fc bedel y\u00f6ntemi<\/li><\/ul>\t\t\t\t\t\t\t\t<\/div>\n\t\t\t\t\t<\/div>\n\t\t<\/div>\n\t\t\t\t\t<\/div>\n\t\t<\/section>\n\t\t\t\t<\/div>","protected":false},"excerpt":{"rendered":"<p>Hizmetlerimiz \u0130leti\u015fim Bilgileri Bah\u00e7elievler Mah. Gazi Pa\u015fa Cd. B Blok 159\/26 \/ Yalova +90 (226) 813 68 35 +90 (533) 015 02 77 info@avrasyainsaat.net Projenin haz\u0131rlanmas\u0131, Ke\u015fif bedelinin belirlenmesi, Fiyatland\u0131rma y\u00f6nteminin tespiti, Teklif alma y\u00f6nteminin belirlenmesi, \u0130haleye \u00e7\u0131kar\u0131lan projeye taahh\u00fct i\u015fletmeleri taraf\u0131ndan teklif verilir. Verilen teklifler i\u015fveren taraf\u0131ndan de\u011ferlendirilir ve en uygun teklifi veren in\u015faat [&hellip;]<\/p>\n","protected":false},"author":1,"featured_media":0,"parent":0,"menu_order":0,"comment_status":"closed","ping_status":"closed","template":"elementor_header_footer","meta":{"footnotes":""},"class_list":["post-646","page","type-page","status-publish","hentry"],"_links":{"self":[{"href":"https:\/\/avrasyainsaat.net\/ar\/wp-json\/wp\/v2\/pages\/646","targetHints":{"allow":["GET"]}}],"collection":[{"href":"https:\/\/avrasyainsaat.net\/ar\/wp-json\/wp\/v2\/pages"}],"about":[{"href":"https:\/\/avrasyainsaat.net\/ar\/wp-json\/wp\/v2\/types\/page"}],"author":[{"embeddable":true,"href":"https:\/\/avrasyainsaat.net\/ar\/wp-json\/wp\/v2\/users\/1"}],"replies":[{"embeddable":true,"href":"https:\/\/avrasyainsaat.net\/ar\/wp-json\/wp\/v2\/comments?post=646"}],"version-history":[{"count":0,"href":"https:\/\/avrasyainsaat.net\/ar\/wp-json\/wp\/v2\/pages\/646\/revisions"}],"wp:attachment":[{"href":"https:\/\/avrasyainsaat.net\/ar\/wp-json\/wp\/v2\/media?parent=646"}],"curies":[{"name":"wp","href":"https:\/\/api.w.org\/{rel}","templated":true}]}}