{"id":718,"date":"2022-05-09T00:45:02","date_gmt":"2022-05-08T21:45:02","guid":{"rendered":"https:\/\/avrasyainsaat.net\/?page_id=718"},"modified":"2022-05-09T00:45:02","modified_gmt":"2022-05-08T21:45:02","slug":"dekorasyon-hizmetleri","status":"publish","type":"page","link":"https:\/\/avrasyainsaat.net\/ar\/dekorasyon-hizmetleri\/","title":{"rendered":"\u062e\u062f\u0645\u0627\u062a \u0627\u0644\u062f\u064a\u0643\u0648\u0631"},"content":{"rendered":"<div data-elementor-type=\"wp-page\" data-elementor-id=\"718\" class=\"elementor elementor-718\" data-elementor-post-type=\"page\">\n\t\t\t\t\t\t<section class=\"elementor-section elementor-top-section elementor-element elementor-element-f51ac08 elementor-section-height-min-height elementor-section-stretched elementor-section-boxed elementor-section-height-default elementor-section-items-middle\" data-id=\"f51ac08\" data-element_type=\"section\" data-e-type=\"section\" data-settings=\"{&quot;stretch_section&quot;:&quot;section-stretched&quot;,&quot;background_background&quot;:&quot;classic&quot;}\">\n\t\t\t\t\t\t\t<div class=\"elementor-background-overlay\"><\/div>\n\t\t\t\t\t\t\t<div class=\"elementor-container elementor-column-gap-no\">\n\t\t\t\t\t<div class=\"elementor-column elementor-col-100 elementor-top-column elementor-element elementor-element-d9bb68e\" data-id=\"d9bb68e\" data-element_type=\"column\" data-e-type=\"column\">\n\t\t\t<div class=\"elementor-widget-wrap elementor-element-populated\">\n\t\t\t\t\t\t<section class=\"elementor-section elementor-inner-section elementor-element elementor-element-8166751 elementor-section-boxed elementor-section-height-default elementor-section-height-default\" data-id=\"8166751\" data-element_type=\"section\" data-e-type=\"section\">\n\t\t\t\t\t\t<div class=\"elementor-container elementor-column-gap-default\">\n\t\t\t\t\t<div class=\"elementor-column elementor-col-100 elementor-inner-column elementor-element elementor-element-5427f1c\" data-id=\"5427f1c\" data-element_type=\"column\" data-e-type=\"column\">\n\t\t\t<div class=\"elementor-widget-wrap elementor-element-populated\">\n\t\t\t\t\t\t\t<\/div>\n\t\t<\/div>\n\t\t\t\t\t<\/div>\n\t\t<\/section>\n\t\t\t\t\t<\/div>\n\t\t<\/div>\n\t\t\t\t\t<\/div>\n\t\t<\/section>\n\t\t\t\t<section class=\"elementor-section elementor-top-section elementor-element elementor-element-b5476e5 elementor-reverse-mobile elementor-section-boxed elementor-section-height-default elementor-section-height-default\" data-id=\"b5476e5\" data-element_type=\"section\" data-e-type=\"section\">\n\t\t\t\t\t\t<div class=\"elementor-container elementor-column-gap-no\">\n\t\t\t\t\t<div class=\"elementor-column elementor-col-50 elementor-top-column elementor-element elementor-element-96bedcf\" data-id=\"96bedcf\" data-element_type=\"column\" data-e-type=\"column\">\n\t\t\t<div class=\"elementor-widget-wrap elementor-element-populated\">\n\t\t\t\t\t\t<section class=\"elementor-section elementor-inner-section elementor-element elementor-element-835dc24 elementor-section-boxed elementor-section-height-default elementor-section-height-default\" data-id=\"835dc24\" data-element_type=\"section\" data-e-type=\"section\">\n\t\t\t\t\t\t<div class=\"elementor-container elementor-column-gap-default\">\n\t\t\t\t\t<div class=\"elementor-column elementor-col-100 elementor-inner-column elementor-element elementor-element-69940b4\" data-id=\"69940b4\" data-element_type=\"column\" data-e-type=\"column\" data-settings=\"{&quot;background_background&quot;:&quot;classic&quot;}\">\n\t\t\t<div class=\"elementor-widget-wrap elementor-element-populated\">\n\t\t\t\t\t\t<div class=\"elementor-element elementor-element-a075faa elementor-widget elementor-widget-elementskit-heading\" data-id=\"a075faa\" data-element_type=\"widget\" data-e-type=\"widget\" data-widget_type=\"elementskit-heading.default\">\n\t\t\t\t\t<div class=\"ekit-wid-con\" ><div class=\"ekit-heading elementskit-section-title-wraper text_center   ekit_heading_tablet-   ekit_heading_mobile-\"><h2 class=\"ekit-heading--title elementskit-section-title\">\u062e\u062f\u0645\u0627\u062a\u0646\u0627 <strong><\/strong><\/h2><div class=\"ekit_heading_separetor_wraper ekit_heading_elementskit-border-divider ekit-dotted\"><div class=\"elementskit-border-divider ekit-dotted\"><\/div><\/div><\/div><\/div>\t\t\t\t<\/div>\n\t\t\t\t<div class=\"elementor-element elementor-element-156a62e elementor-nav-menu--dropdown-none elementor-widget elementor-widget-nav-menu\" data-id=\"156a62e\" data-element_type=\"widget\" data-e-type=\"widget\" data-settings=\"{&quot;layout&quot;:&quot;vertical&quot;,&quot;submenu_icon&quot;:{&quot;value&quot;:&quot;&lt;i aria-hidden=\\&quot;true\\&quot; class=\\&quot;\\&quot;&gt;&lt;\\\/i&gt;&quot;,&quot;library&quot;:&quot;&quot;}}\" data-widget_type=\"nav-menu.default\">\n\t\t\t\t\t\t\t\t<nav aria-label=\"\u0642\u0627\u0626\u0645\u0629 \u0627\u0644\u0637\u0639\u0627\u0645\" class=\"elementor-nav-menu--main elementor-nav-menu__container elementor-nav-menu--layout-vertical e--pointer-background e--animation-fade\">\n\t\t\t\t<ul id=\"menu-1-156a62e\" class=\"elementor-nav-menu sm-vertical\"><li class=\"menu-item menu-item-type-post_type menu-item-object-page menu-item-4845\"><a href=\"https:\/\/avrasyainsaat.net\/ar\/celik-konstruksiyon\/\" class=\"elementor-item\">\u0627\u0644\u0625\u0646\u0634\u0627\u0621\u0627\u062a \u0627\u0644\u0641\u0648\u0644\u0627\u0630\u064a\u0629<\/a><\/li>\n<li class=\"menu-item menu-item-type-post_type menu-item-object-page menu-item-4840\"><a href=\"https:\/\/avrasyainsaat.net\/ar\/prefabrik-ev\/\" class=\"elementor-item\">\u0627\u0644\u0628\u064a\u062a \u0627\u0644\u062c\u0627\u0647\u0632<\/a><\/li>\n<li class=\"menu-item menu-item-type-post_type menu-item-object-page menu-item-4849\"><a href=\"https:\/\/avrasyainsaat.net\/ar\/konteyner-ev-modelleri\/\" class=\"elementor-item\">\u0646\u0645\u0627\u0630\u062c \u0628\u064a\u062a \u0627\u0644\u062d\u0627\u0648\u064a\u0627\u062a<\/a><\/li>\n<li class=\"menu-item menu-item-type-post_type menu-item-object-page menu-item-4848\"><a href=\"https:\/\/avrasyainsaat.net\/ar\/orgu-cit-modelleri\/\" class=\"elementor-item\">\u0646\u0645\u0627\u0630\u062c \u0633\u064a\u0627\u062c \u0645\u062d\u0628\u0648\u0643\u0629<\/a><\/li>\n<li class=\"menu-item menu-item-type-post_type menu-item-object-page menu-item-4831\"><a href=\"https:\/\/avrasyainsaat.net\/ar\/insaat-hizmetleri\/\" class=\"elementor-item\">\u062e\u062f\u0645\u0627\u062a \u0627\u0644\u0628\u0646\u0627\u0621 \u0648\u0627\u0644\u062a\u0634\u064a\u064a\u062f<\/a><\/li>\n<li class=\"menu-item menu-item-type-post_type menu-item-object-page menu-item-4832\"><a href=\"https:\/\/avrasyainsaat.net\/ar\/muhendislik-hizmetleri\/\" class=\"elementor-item\">\u0627\u0644\u062e\u062f\u0645\u0627\u062a \u0627\u0644\u0647\u0646\u062f\u0633\u064a\u0629<\/a><\/li>\n<li class=\"menu-item menu-item-type-post_type menu-item-object-page menu-item-4833\"><a href=\"https:\/\/avrasyainsaat.net\/ar\/proje-hizmetleri\/\" class=\"elementor-item\">\u062e\u062f\u0645\u0627\u062a \u0627\u0644\u0645\u0634\u0627\u0631\u064a\u0639<\/a><\/li>\n<li class=\"menu-item menu-item-type-post_type menu-item-object-page menu-item-4839\"><a href=\"https:\/\/avrasyainsaat.net\/ar\/dekorasyon-hizmetleri\/\" class=\"elementor-item\">\u062e\u062f\u0645\u0627\u062a \u0627\u0644\u062f\u064a\u0643\u0648\u0631<\/a><\/li>\n<li class=\"menu-item menu-item-type-post_type menu-item-object-page menu-item-4841\"><a href=\"https:\/\/avrasyainsaat.net\/ar\/bina-guclendirme\/\" class=\"elementor-item\">\u062a\u0639\u0632\u064a\u0632 \u0627\u0644\u0645\u0628\u0627\u0646\u064a<\/a><\/li>\n<\/ul>\t\t\t<\/nav>\n\t\t\t\t\t\t<nav class=\"elementor-nav-menu--dropdown elementor-nav-menu__container\" aria-hidden=\"true\">\n\t\t\t\t<ul id=\"menu-2-156a62e\" class=\"elementor-nav-menu sm-vertical\"><li class=\"menu-item menu-item-type-post_type menu-item-object-page menu-item-4845\"><a href=\"https:\/\/avrasyainsaat.net\/ar\/celik-konstruksiyon\/\" class=\"elementor-item\" tabindex=\"-1\">\u0627\u0644\u0625\u0646\u0634\u0627\u0621\u0627\u062a \u0627\u0644\u0641\u0648\u0644\u0627\u0630\u064a\u0629<\/a><\/li>\n<li class=\"menu-item menu-item-type-post_type menu-item-object-page menu-item-4840\"><a href=\"https:\/\/avrasyainsaat.net\/ar\/prefabrik-ev\/\" class=\"elementor-item\" tabindex=\"-1\">\u0627\u0644\u0628\u064a\u062a \u0627\u0644\u062c\u0627\u0647\u0632<\/a><\/li>\n<li class=\"menu-item menu-item-type-post_type menu-item-object-page menu-item-4849\"><a href=\"https:\/\/avrasyainsaat.net\/ar\/konteyner-ev-modelleri\/\" class=\"elementor-item\" tabindex=\"-1\">\u0646\u0645\u0627\u0630\u062c \u0628\u064a\u062a \u0627\u0644\u062d\u0627\u0648\u064a\u0627\u062a<\/a><\/li>\n<li class=\"menu-item menu-item-type-post_type menu-item-object-page menu-item-4848\"><a href=\"https:\/\/avrasyainsaat.net\/ar\/orgu-cit-modelleri\/\" class=\"elementor-item\" tabindex=\"-1\">\u0646\u0645\u0627\u0630\u062c \u0633\u064a\u0627\u062c \u0645\u062d\u0628\u0648\u0643\u0629<\/a><\/li>\n<li class=\"menu-item menu-item-type-post_type menu-item-object-page menu-item-4831\"><a href=\"https:\/\/avrasyainsaat.net\/ar\/insaat-hizmetleri\/\" class=\"elementor-item\" tabindex=\"-1\">\u062e\u062f\u0645\u0627\u062a \u0627\u0644\u0628\u0646\u0627\u0621 \u0648\u0627\u0644\u062a\u0634\u064a\u064a\u062f<\/a><\/li>\n<li class=\"menu-item menu-item-type-post_type menu-item-object-page menu-item-4832\"><a href=\"https:\/\/avrasyainsaat.net\/ar\/muhendislik-hizmetleri\/\" class=\"elementor-item\" tabindex=\"-1\">\u0627\u0644\u062e\u062f\u0645\u0627\u062a \u0627\u0644\u0647\u0646\u062f\u0633\u064a\u0629<\/a><\/li>\n<li class=\"menu-item menu-item-type-post_type menu-item-object-page menu-item-4833\"><a href=\"https:\/\/avrasyainsaat.net\/ar\/proje-hizmetleri\/\" class=\"elementor-item\" tabindex=\"-1\">\u062e\u062f\u0645\u0627\u062a \u0627\u0644\u0645\u0634\u0627\u0631\u064a\u0639<\/a><\/li>\n<li class=\"menu-item menu-item-type-post_type menu-item-object-page menu-item-4839\"><a href=\"https:\/\/avrasyainsaat.net\/ar\/dekorasyon-hizmetleri\/\" class=\"elementor-item\" tabindex=\"-1\">\u062e\u062f\u0645\u0627\u062a \u0627\u0644\u062f\u064a\u0643\u0648\u0631<\/a><\/li>\n<li class=\"menu-item menu-item-type-post_type menu-item-object-page menu-item-4841\"><a href=\"https:\/\/avrasyainsaat.net\/ar\/bina-guclendirme\/\" class=\"elementor-item\" tabindex=\"-1\">\u062a\u0639\u0632\u064a\u0632 \u0627\u0644\u0645\u0628\u0627\u0646\u064a<\/a><\/li>\n<\/ul>\t\t\t<\/nav>\n\t\t\t\t\t\t<\/div>\n\t\t\t\t\t<\/div>\n\t\t<\/div>\n\t\t\t\t\t<\/div>\n\t\t<\/section>\n\t\t\t\t<section class=\"elementor-section elementor-inner-section elementor-element elementor-element-1796b69 elementor-section-boxed elementor-section-height-default elementor-section-height-default\" data-id=\"1796b69\" data-element_type=\"section\" data-e-type=\"section\">\n\t\t\t\t\t\t<div class=\"elementor-container elementor-column-gap-default\">\n\t\t\t\t\t<div class=\"elementor-column elementor-col-100 elementor-inner-column elementor-element elementor-element-9ef6437\" data-id=\"9ef6437\" data-element_type=\"column\" data-e-type=\"column\" data-settings=\"{&quot;background_background&quot;:&quot;classic&quot;}\">\n\t\t\t<div class=\"elementor-widget-wrap elementor-element-populated\">\n\t\t\t\t\t\t<div class=\"elementor-element elementor-element-9354623 elementor-widget elementor-widget-elementskit-heading\" data-id=\"9354623\" data-element_type=\"widget\" data-e-type=\"widget\" data-widget_type=\"elementskit-heading.default\">\n\t\t\t\t\t<div class=\"ekit-wid-con\" ><div class=\"ekit-heading elementskit-section-title-wraper text_center   ekit_heading_tablet-   ekit_heading_mobile-\"><h2 class=\"ekit-heading--title elementskit-section-title\">\u0627\u062a\u0635\u0644 \u0628\u0646\u0627 <strong>\u0627\u0644\u0645\u0639\u0644\u0648\u0645\u0627\u062a<\/strong><\/h2><div class=\"ekit_heading_separetor_wraper ekit_heading_elementskit-border-divider ekit-dotted\"><div class=\"elementskit-border-divider ekit-dotted\"><\/div><\/div><\/div><\/div>\t\t\t\t<\/div>\n\t\t\t\t<div class=\"elementor-element elementor-element-8139331 elementor-icon-list--layout-traditional elementor-list-item-link-full_width elementor-widget elementor-widget-icon-list\" data-id=\"8139331\" data-element_type=\"widget\" data-e-type=\"widget\" data-widget_type=\"icon-list.default\">\n\t\t\t\t\t\t\t<ul class=\"elementor-icon-list-items\">\n\t\t\t\t\t\t\t<li class=\"elementor-icon-list-item\">\n\t\t\t\t\t\t\t\t\t\t\t<a href=\"https:\/\/goo.gl\/maps\/fBxGE4iQvd188PgH6\" target=\"_blank\" rel=\"noopener\">\n\n\t\t\t\t\t\t\t\t\t\t\t\t<span class=\"elementor-icon-list-icon\">\n\t\t\t\t\t\t\t<svg aria-hidden=\"true\" class=\"e-font-icon-svg e-fas-map-marker-alt\" viewbox=\"0 0 384 512\" xmlns=\"http:\/\/www.w3.org\/2000\/svg\"><path d=\"M172.268 501.67C26.97 291.031 0 269.413 0 192 0 85.961 85.961 0 192 0s192 85.961 192 192c0 77.413-26.97 99.031-172.268 309.67-9.535 13.774-29.93 13.773-39.464 0zM192 272c44.183 0 80-35.817 80-80s-35.817-80-80-80-80 35.817-80 80 35.817 80 80 80z\"><\/path><\/svg>\t\t\t\t\t\t<\/span>\n\t\t\t\t\t\t\t\t\t\t<span class=\"elementor-icon-list-text\">Bahcelievler Mah. Gazi Pasha Cd. B Blok 159\/26 \/ Yalova<\/span>\n\t\t\t\t\t\t\t\t\t\t\t<\/a>\n\t\t\t\t\t\t\t\t\t<\/li>\n\t\t\t\t\t\t\t\t<li class=\"elementor-icon-list-item\">\n\t\t\t\t\t\t\t\t\t\t\t<a href=\"tel:+90%20(226)%20813%2068%2035\">\n\n\t\t\t\t\t\t\t\t\t\t\t\t<span class=\"elementor-icon-list-icon\">\n\t\t\t\t\t\t\t<svg aria-hidden=\"true\" class=\"e-font-icon-svg e-fas-phone\" viewbox=\"0 0 512 512\" xmlns=\"http:\/\/www.w3.org\/2000\/svg\"><path d=\"M493.4 24.6l-104-24c-11.3-2.6-22.9 3.3-27.5 13.9l-48 112c-4.2 9.8-1.4 21.3 6.9 28l60.6 49.6c-36 76.7-98.9 140.5-177.2 177.2l-49.6-60.6c-6.8-8.3-18.2-11.1-28-6.9l-112 48C3.9 366.5-2 378.1.6 389.4l24 104C27.1 504.2 36.7 512 48 512c256.1 0 464-207.5 464-464 0-11.2-7.7-20.9-18.6-23.4z\"><\/path><\/svg>\t\t\t\t\t\t<\/span>\n\t\t\t\t\t\t\t\t\t\t<span class=\"elementor-icon-list-text\">+90 (226) 813 68 35<\/span>\n\t\t\t\t\t\t\t\t\t\t\t<\/a>\n\t\t\t\t\t\t\t\t\t<\/li>\n\t\t\t\t\t\t\t\t<li class=\"elementor-icon-list-item\">\n\t\t\t\t\t\t\t\t\t\t\t<a href=\"tel:+90%20(533)%20015%2002%2077\">\n\n\t\t\t\t\t\t\t\t\t\t\t\t<span class=\"elementor-icon-list-icon\">\n\t\t\t\t\t\t\t<svg aria-hidden=\"true\" class=\"e-font-icon-svg e-fas-mobile-alt\" viewbox=\"0 0 320 512\" xmlns=\"http:\/\/www.w3.org\/2000\/svg\"><path d=\"M272 0H48C21.5 0 0 21.5 0 48v416c0 26.5 21.5 48 48 48h224c26.5 0 48-21.5 48-48V48c0-26.5-21.5-48-48-48zM160 480c-17.7 0-32-14.3-32-32s14.3-32 32-32 32 14.3 32 32-14.3 32-32 32zm112-108c0 6.6-5.4 12-12 12H60c-6.6 0-12-5.4-12-12V60c0-6.6 5.4-12 12-12h200c6.6 0 12 5.4 12 12v312z\"><\/path><\/svg>\t\t\t\t\t\t<\/span>\n\t\t\t\t\t\t\t\t\t\t<span class=\"elementor-icon-list-text\">+90 (533) 015 02 77<\/span>\n\t\t\t\t\t\t\t\t\t\t\t<\/a>\n\t\t\t\t\t\t\t\t\t<\/li>\n\t\t\t\t\t\t\t\t<li class=\"elementor-icon-list-item\">\n\t\t\t\t\t\t\t\t\t\t\t<a href=\"mailto:info@avrasyainsaat.net\">\n\n\t\t\t\t\t\t\t\t\t\t\t\t<span class=\"elementor-icon-list-icon\">\n\t\t\t\t\t\t\t<i aria-hidden=\"true\" class=\"icon icon-email\"><\/i>\t\t\t\t\t\t<\/span>\n\t\t\t\t\t\t\t\t\t\t<span class=\"elementor-icon-list-text\">info@avrasyainsaat.net<\/span>\n\t\t\t\t\t\t\t\t\t\t\t<\/a>\n\t\t\t\t\t\t\t\t\t<\/li>\n\t\t\t\t\t\t<\/ul>\n\t\t\t\t\t\t<\/div>\n\t\t\t\t\t<\/div>\n\t\t<\/div>\n\t\t\t\t\t<\/div>\n\t\t<\/section>\n\t\t\t\t\t<\/div>\n\t\t<\/div>\n\t\t\t\t<div class=\"elementor-column elementor-col-50 elementor-top-column elementor-element elementor-element-e41450a\" data-id=\"e41450a\" data-element_type=\"column\" data-e-type=\"column\">\n\t\t\t<div class=\"elementor-widget-wrap elementor-element-populated\">\n\t\t\t\t\t\t<div class=\"elementor-element elementor-element-c392cea elementor-widget elementor-widget-text-editor\" data-id=\"c392cea\" data-element_type=\"widget\" data-e-type=\"widget\" data-widget_type=\"text-editor.default\">\n\t\t\t\t\t\t\t\t\t<p><strong>Mobilya ve Dekorasyon<\/strong><\/p><p>Temiz \u00e7izgiler, \u015f\u0131k y\u00fczeyler, birbirinden farkl\u0131 mobilya tasar\u0131mlar\u0131 iyi bir mobilya ustas\u0131 elinden \u00e7\u0131kar. \u00c7a\u011fda\u015f mobilyalara bay\u0131laca\u011f\u0131n\u0131z \u00e7ok \u015fey var, ama kendinize \u00f6zel tasar\u0131mlar yaratmak fikri de bunlar, \u00f6zellikle daha geleneksel par\u00e7alara y\u00f6neliyorsan\u0131z, ciddi bir korkutma fakt\u00f6r\u00fc ile kar\u015f\u0131la\u015fabilirler. Burada, gezdi\u011fimiz \u015f\u0131k evlerden favori klasik bulu\u015fma yerlerinden baz\u0131lar\u0131n\u0131 bir araya getirdik. Kendinize ait \u00e7a\u011fda\u015f bir an\u0131 kucaklamak i\u00e7in size ilham vermelerine izin verin.<\/p><p><strong>Oturma odas\u0131nda<\/strong><\/p><p>Modern bir dokunu\u015f, klasik olarak g\u00fczel bir oday\u0131 daha cazip hale getirebilir. Elinizdeki mobilyalar\u0131 seviyorsan\u0131z ve de\u011fi\u015ftirmek yerine tamiri tercih edebilirsiniz. Mobilya ve Koltuk tamiri bile kanepe veya koltu\u011funuzun ba\u015fkala\u015fmas\u0131yla evinize renk getirecektir.<\/p><p><strong>Mutfaklarda<\/strong><\/p><p>Resmi bir yemek alan\u0131 ya da s\u0131radan bir kahvalt\u0131 k\u00f6\u015fesi i\u00e7in, \u00e7a\u011fda\u015f bir masa harika bir odak noktas\u0131 olabilir. Yemek yedi\u011finiz alan\u0131 geleneksel yemek sandalyeleri ve klasik ve \u00e7a\u011fda\u015f ideal kar\u0131\u015f\u0131m\u0131 i\u00e7in parlak bir \u0131\u015f\u0131kland\u0131rma ile e\u015fle\u015ftirin.<\/p><p>E\u011fer yeme\u011finizi mutfa\u011f\u0131n\u0131zda yeme\u011fi tercih ediyorsan\u0131z, mutfak dekorasyonu daha b\u00fcy\u00fck \u00f6nem ta\u015f\u0131r. Yani b\u00fct\u00fcn\u00fc d\u00fczeltmek ad\u0131na mutfak dolab\u0131 yap\u0131m\u0131, derleyici ve toparlay\u0131c\u0131 olacakt\u0131r. Mutfa\u011f\u0131 \u00f6zelle\u015ftirmek ad\u0131na yap\u0131lacak isteklerinizi planlayarak do\u011fru malzeme al\u0131m\u0131 ve kurulumunu yapacak do\u011fru ustalarla \u00e7al\u0131\u015fmak mutfa\u011f\u0131n\u0131zda ge\u00e7irece\u011finiz vakitleri daha keyifli k\u0131lacakt\u0131r.<\/p><p><strong>Yatak odas\u0131nda<\/strong><\/p><p>Yatak odalar\u0131 \u00e7a\u011fda\u015f, konforlu ve sa\u011fl\u0131kl\u0131 bir uyku i\u00e7in iyi d\u00fczenlenmi\u015f olmal\u0131d\u0131r. Bu anlamda yap\u0131lacak \u00f6zel mobilya yap\u0131m\u0131 ile yatak odalar\u0131n\u0131z\u0131 ki\u015fiselle\u015ftirebilirsiniz.<\/p><ul><li>Oteller<\/li><li>Villalar &amp; Yal\u0131lar<\/li><li>Ofisler &amp; \u00c7al\u0131\u015fma Alanlar\u0131<\/li><li>Restorantlar &amp; Kafeler<\/li><li>Kamu Kurumlar\u0131<\/li><li>Ma\u011fazalar<\/li><li>E\u011flence Merkezleri<\/li><\/ul>\t\t\t\t\t\t\t\t<\/div>\n\t\t\t\t\t<\/div>\n\t\t<\/div>\n\t\t\t\t\t<\/div>\n\t\t<\/section>\n\t\t\t\t<\/div>","protected":false},"excerpt":{"rendered":"<p>Hizmetlerimiz \u0130leti\u015fim Bilgileri Bah\u00e7elievler Mah. Gazi Pa\u015fa Cd. B Blok 159\/26 \/ Yalova +90 (226) 813 68 35 +90 (533) 015 02 77 info@avrasyainsaat.net Mobilya ve Dekorasyon Temiz \u00e7izgiler, \u015f\u0131k y\u00fczeyler, birbirinden farkl\u0131 mobilya tasar\u0131mlar\u0131 iyi bir mobilya ustas\u0131 elinden \u00e7\u0131kar. \u00c7a\u011fda\u015f mobilyalara bay\u0131laca\u011f\u0131n\u0131z \u00e7ok \u015fey var, ama kendinize \u00f6zel tasar\u0131mlar yaratmak fikri de bunlar, [&hellip;]<\/p>\n","protected":false},"author":1,"featured_media":0,"parent":0,"menu_order":0,"comment_status":"closed","ping_status":"closed","template":"elementor_header_footer","meta":{"footnotes":""},"class_list":["post-718","page","type-page","status-publish","hentry"],"_links":{"self":[{"href":"https:\/\/avrasyainsaat.net\/ar\/wp-json\/wp\/v2\/pages\/718","targetHints":{"allow":["GET"]}}],"collection":[{"href":"https:\/\/avrasyainsaat.net\/ar\/wp-json\/wp\/v2\/pages"}],"about":[{"href":"https:\/\/avrasyainsaat.net\/ar\/wp-json\/wp\/v2\/types\/page"}],"author":[{"embeddable":true,"href":"https:\/\/avrasyainsaat.net\/ar\/wp-json\/wp\/v2\/users\/1"}],"replies":[{"embeddable":true,"href":"https:\/\/avrasyainsaat.net\/ar\/wp-json\/wp\/v2\/comments?post=718"}],"version-history":[{"count":0,"href":"https:\/\/avrasyainsaat.net\/ar\/wp-json\/wp\/v2\/pages\/718\/revisions"}],"wp:attachment":[{"href":"https:\/\/avrasyainsaat.net\/ar\/wp-json\/wp\/v2\/media?parent=718"}],"curies":[{"name":"wp","href":"https:\/\/api.w.org\/{rel}","templated":true}]}}